{"id":12,"date":"2022-03-13T12:44:48","date_gmt":"2022-03-13T10:44:48","guid":{"rendered":"http:\/\/www.hh3dlab.fi\/blog\/?page_id=12"},"modified":"2022-03-15T18:48:39","modified_gmt":"2022-03-15T16:48:39","slug":"tervetuloa-haaga-helian-3d-robo-labiin","status":"publish","type":"page","link":"https:\/\/www.hh3dlab.fi\/blog\/tervetuloa-haaga-helian-3d-robo-labiin\/","title":{"rendered":"TERVETULOA!"},"content":{"rendered":"\n<p>Haaga-Helia 3D + Robo Lab on ammattikorkeakoulumme 3D-, robotiikka- ja IoT-tutkimuslaboratorio.<\/p>\n\n\n\n<p>3D on t\u00e4ll\u00e4 hetkell\u00e4 aihe, jonka voi katsoa kiinnostavan kaikkia mahdollisia toimialoja. Virtuaalitodellisuus, lis\u00e4tty todellisuus, mallinnus ja 3D-tulostus tuovat uusia liiketoimintamahdollisuuksia, ja niihin tutustuminen opintojen aikana on hyvin t\u00e4rke\u00e4\u00e4, jotta osaa kysy\u00e4 oikeita kysymyksi\u00e4 my\u00f6hemmin. 3D-mallinnuskurssimme on k\u00e4ynyt jo liki tuhat opiskelijaa, ja se lienee korkeakoulumme suosituin vapaasti valittava kurssi. K\u00e4yt\u00e4mme monipuolista ja tehokasta avoimen l\u00e4hdekoodin Blender 3D -ohjelmistoa. <\/p>\n\n\n\n<p>3D-tulostus tuo nopean prototyypin rakentamisen edut kaikkien saataville. Laboratoriossamme on useita FDM-lankatulostimia ja SLA-hartsitulostin, joilla pystymme valmistamaan erilaisia prototyyppej\u00e4 nopeasti ja helposti. Meill\u00e4 on my\u00f6s Artec EVA 3D -k\u00e4siskanneri ja HD-kamerapohjainen pienten esineiden skannaamiseen tarkoitettu skanneri. Virtuaalitodellisuusprojekteja varten meill\u00e4 on viidet Oculus Quest 128GB -virtuaalilasit sek\u00e4 Apple iPad Pro LIDAR 3D -skanneri.<\/p>\n\n\n\n<p>IoT (Internet of Things) on my\u00f6s aihe, joka on esill\u00e4 kaikkialla. Varsinkin nyt, kun 5G-verkko laajenee nopeasti, on entist\u00e4 helpompaa liitt\u00e4\u00e4 laitteita Internetiin ja mitata erilasia arvoja tai ohjata laitteita et\u00e4n\u00e4. 3D + Robo Labissa on mahdollista opiskelijavoimin suunnitella ja rakentaa laitteiden prototyyppej\u00e4 ja tutustua IoT:n mahdollisuuksiin.<\/p>\n\n\n\n<p>Robotiikan opetuksessa aloitamme Arduino-laitteesta, ja kun robotin perustoiminnot (aistiminen, p\u00e4\u00e4tteleminen ja toteuttaminen) ovat hallussa ja tarvitaan Internet-yhteytt\u00e4, voidaan siirty\u00e4 ESP32- tai Raspberry PI -laitteisiin vaativampia robottiprojekteja varten. On uskomatonta, kuinka monenlaisia antureita n\u00e4ihin laitteisiin voi kiinnitt\u00e4\u00e4, ja millaisia uudenlaisia toiminnallisia ominaisuuksia voidaan saada aikaan hyvin pienin kustannuksin. Olemme ker\u00e4nneet kattavat kokoelmat antureita ja aktuaattoreita, jotta voimme rakentaa juuri sellaisia laitteita kuin on tarpeen.<\/p>\n\n\n\n<p>Ota yhteytt\u00e4 ja tutustu Haaga-Helian 3D- ja robotiikkaosaamiseen!<\/p>\n\n\n\n<div class=\"wp-block-image\"><figure class=\"aligncenter size-full\"><img data-recalc-dims=\"1\" loading=\"lazy\" decoding=\"async\" width=\"629\" height=\"226\" src=\"https:\/\/i0.wp.com\/www.hh3dlab.fi\/blog\/wp-content\/uploads\/2022\/03\/be7db042-6b61-49f9-9bcd-7fd41b7bc35d-w_960_h_960-1.jpg?resize=629%2C226&#038;ssl=1\" alt=\"\" class=\"wp-image-57\" srcset=\"https:\/\/i0.wp.com\/www.hh3dlab.fi\/blog\/wp-content\/uploads\/2022\/03\/be7db042-6b61-49f9-9bcd-7fd41b7bc35d-w_960_h_960-1.jpg?w=629&amp;ssl=1 629w, https:\/\/i0.wp.com\/www.hh3dlab.fi\/blog\/wp-content\/uploads\/2022\/03\/be7db042-6b61-49f9-9bcd-7fd41b7bc35d-w_960_h_960-1.jpg?resize=300%2C108&amp;ssl=1 300w\" sizes=\"auto, (max-width: 629px) 100vw, 629px\" \/><\/figure><\/div>\n","protected":false},"excerpt":{"rendered":"<p>Haaga-Helia 3D + Robo Lab on ammattikorkeakoulumme 3D-, robotiikka- ja IoT-tutkimuslaboratorio. 3D on t\u00e4ll\u00e4 hetkell\u00e4 aihe, jonka voi katsoa kiinnostavan kaikkia mahdollisia toimialoja. Virtuaalitodellisuus, lis\u00e4tty todellisuus, mallinnus ja 3D-tulostus tuovat uusia liiketoimintamahdollisuuksia, ja niihin tutustuminen opintojen aikana on hyvin t\u00e4rke\u00e4\u00e4, jotta osaa kysy\u00e4 oikeita kysymyksi\u00e4 my\u00f6hemmin. 3D-mallinnuskurssimme on k\u00e4ynyt jo liki tuhat opiskelijaa, ja se [&hellip;]<\/p>\n","protected":false},"author":1,"featured_media":0,"parent":0,"menu_order":0,"comment_status":"closed","ping_status":"closed","template":"","meta":{"footnotes":""},"class_list":["post-12","page","type-page","status-publish","hentry"],"jetpack-related-posts":[{"id":92,"url":"https:\/\/www.hh3dlab.fi\/blog\/3d\/","url_meta":{"origin":12,"position":0},"title":"3D","author":"Heikki Hietala, lab admin","date":"17.3.2022","format":false,"excerpt":"3D is a technology that is penetrating more and more fields of business every day. CAD and other design aids are indispensable by now, but with the twenty year development of the open source 3D software, Blender, getting into 3D is no longer an investment. However, Blender being free does\u2026","rel":"","context":"Similar post","block_context":{"text":"Similar post","link":""},"img":{"alt_text":"","src":"https:\/\/i0.wp.com\/www.hh3dlab.fi\/blog\/wp-content\/uploads\/2022\/03\/full-scene2.jpg?resize=350%2C200&ssl=1","width":350,"height":200,"srcset":"https:\/\/i0.wp.com\/www.hh3dlab.fi\/blog\/wp-content\/uploads\/2022\/03\/full-scene2.jpg?resize=350%2C200&ssl=1 1x, https:\/\/i0.wp.com\/www.hh3dlab.fi\/blog\/wp-content\/uploads\/2022\/03\/full-scene2.jpg?resize=525%2C300&ssl=1 1.5x, https:\/\/i0.wp.com\/www.hh3dlab.fi\/blog\/wp-content\/uploads\/2022\/03\/full-scene2.jpg?resize=700%2C400&ssl=1 2x, https:\/\/i0.wp.com\/www.hh3dlab.fi\/blog\/wp-content\/uploads\/2022\/03\/full-scene2.jpg?resize=1050%2C600&ssl=1 3x, https:\/\/i0.wp.com\/www.hh3dlab.fi\/blog\/wp-content\/uploads\/2022\/03\/full-scene2.jpg?resize=1400%2C800&ssl=1 4x"},"classes":[]},{"id":80,"url":"https:\/\/www.hh3dlab.fi\/blog\/3d\/3d-modeling\/","url_meta":{"origin":12,"position":1},"title":"3D modeling","author":"Heikki Hietala, lab admin","date":"17.3.2022","format":false,"excerpt":"3D modeling is the creation of virtual models of real or imaginary objects, using only three items. Vertices, between which are edges, which when connected form faces. These faces can then be assigned materials, and textures, finally forming a complete object, usually called mesh. A box being designed in Blender\u2026","rel":"","context":"Similar post","block_context":{"text":"Similar post","link":""},"img":{"alt_text":"","src":"https:\/\/i0.wp.com\/www.hh3dlab.fi\/blog\/wp-content\/uploads\/2022\/03\/image.png?resize=350%2C200&ssl=1","width":350,"height":200,"srcset":"https:\/\/i0.wp.com\/www.hh3dlab.fi\/blog\/wp-content\/uploads\/2022\/03\/image.png?resize=350%2C200&ssl=1 1x, https:\/\/i0.wp.com\/www.hh3dlab.fi\/blog\/wp-content\/uploads\/2022\/03\/image.png?resize=525%2C300&ssl=1 1.5x, https:\/\/i0.wp.com\/www.hh3dlab.fi\/blog\/wp-content\/uploads\/2022\/03\/image.png?resize=700%2C400&ssl=1 2x, https:\/\/i0.wp.com\/www.hh3dlab.fi\/blog\/wp-content\/uploads\/2022\/03\/image.png?resize=1050%2C600&ssl=1 3x"},"classes":[]},{"id":83,"url":"https:\/\/www.hh3dlab.fi\/blog\/3d\/3d-scanning\/","url_meta":{"origin":12,"position":2},"title":"3D scanning","author":"Heikki Hietala, lab admin","date":"17.3.2022","format":false,"excerpt":"To scan a 3D object, many methods are available. There are machines that physically touch the object from all sides and then calculates the shape of the object, but these are very expensive and space-consuming, if very accurate. Non-contact methods include laser triangulation 3D scanning technology.structured light 3D scanning technology.photogrammetry.laser\u2026","rel":"","context":"Similar post","block_context":{"text":"Similar post","link":""},"img":{"alt_text":"","src":"https:\/\/i0.wp.com\/www.hh3dlab.fi\/blog\/wp-content\/uploads\/2022\/03\/IMG_20200505_092004-edited.jpg?resize=350%2C200&ssl=1","width":350,"height":200,"srcset":"https:\/\/i0.wp.com\/www.hh3dlab.fi\/blog\/wp-content\/uploads\/2022\/03\/IMG_20200505_092004-edited.jpg?resize=350%2C200&ssl=1 1x, https:\/\/i0.wp.com\/www.hh3dlab.fi\/blog\/wp-content\/uploads\/2022\/03\/IMG_20200505_092004-edited.jpg?resize=525%2C300&ssl=1 1.5x, https:\/\/i0.wp.com\/www.hh3dlab.fi\/blog\/wp-content\/uploads\/2022\/03\/IMG_20200505_092004-edited.jpg?resize=700%2C400&ssl=1 2x, https:\/\/i0.wp.com\/www.hh3dlab.fi\/blog\/wp-content\/uploads\/2022\/03\/IMG_20200505_092004-edited.jpg?resize=1050%2C600&ssl=1 3x, https:\/\/i0.wp.com\/www.hh3dlab.fi\/blog\/wp-content\/uploads\/2022\/03\/IMG_20200505_092004-edited.jpg?resize=1400%2C800&ssl=1 4x"},"classes":[]},{"id":121,"url":"https:\/\/www.hh3dlab.fi\/blog\/","url_meta":{"origin":12,"position":3},"title":"WELCOME!","author":"Heikki Hietala, lab admin","date":"17.3.2022","format":false,"excerpt":"Haaga-Helia 3D + Robo Lab is the 3D, Robotics and IoT research laboratory at Haaga-Helia University of Applied Sciences. 3D is a topic that concerns all possible fields today. Virtual, augmented and mixed reality, 3D modeling, printing and scanning will all bring bew opportunities to businesses everywhere. It is very\u2026","rel":"","context":"Similar post","block_context":{"text":"Similar post","link":""},"img":{"alt_text":"","src":"https:\/\/i0.wp.com\/www.hh3dlab.fi\/blog\/wp-content\/uploads\/2022\/03\/image-1.png?resize=350%2C200&ssl=1","width":350,"height":200},"classes":[]},{"id":86,"url":"https:\/\/www.hh3dlab.fi\/blog\/3d\/3d-printing\/","url_meta":{"origin":12,"position":4},"title":"3D printing","author":"Heikki Hietala, lab admin","date":"17.3.2022","format":false,"excerpt":"There are many technologies in 3D printing, and this article on All3DP discuss them in detail. At our Laboratory, we have two different printing techniques available to us, and they have different purposes. Most prints are made with fused deposition modeling or FDM, with filaments of various types. These filaments\u2026","rel":"","context":"Similar post","block_context":{"text":"Similar post","link":""},"img":{"alt_text":"","src":"https:\/\/i0.wp.com\/www.hh3dlab.fi\/blog\/wp-content\/uploads\/2022\/03\/image-2.png?resize=350%2C200&ssl=1","width":350,"height":200,"srcset":"https:\/\/i0.wp.com\/www.hh3dlab.fi\/blog\/wp-content\/uploads\/2022\/03\/image-2.png?resize=350%2C200&ssl=1 1x, https:\/\/i0.wp.com\/www.hh3dlab.fi\/blog\/wp-content\/uploads\/2022\/03\/image-2.png?resize=525%2C300&ssl=1 1.5x, https:\/\/i0.wp.com\/www.hh3dlab.fi\/blog\/wp-content\/uploads\/2022\/03\/image-2.png?resize=700%2C400&ssl=1 2x, https:\/\/i0.wp.com\/www.hh3dlab.fi\/blog\/wp-content\/uploads\/2022\/03\/image-2.png?resize=1050%2C600&ssl=1 3x"},"classes":[]},{"id":74,"url":"https:\/\/www.hh3dlab.fi\/blog\/iot\/","url_meta":{"origin":12,"position":5},"title":"IoT","author":"Heikki Hietala, lab admin","date":"17.3.2022","format":false,"excerpt":"IoT, or Internet of Things, is one of the most hyped technologies of today. It's basically very simple - just a device that has access to the Internet and can either write to it, read from it, or both. The biggest point is that IoT devices are not real computers\u2026","rel":"","context":"Similar post","block_context":{"text":"Similar post","link":""},"img":{"alt_text":"","src":"https:\/\/i0.wp.com\/www.hh3dlab.fi\/blog\/wp-content\/uploads\/2022\/05\/image.png?resize=350%2C200&ssl=1","width":350,"height":200,"srcset":"https:\/\/i0.wp.com\/www.hh3dlab.fi\/blog\/wp-content\/uploads\/2022\/05\/image.png?resize=350%2C200&ssl=1 1x, https:\/\/i0.wp.com\/www.hh3dlab.fi\/blog\/wp-content\/uploads\/2022\/05\/image.png?resize=525%2C300&ssl=1 1.5x"},"classes":[]}],"jetpack_sharing_enabled":true,"_links":{"self":[{"href":"https:\/\/www.hh3dlab.fi\/blog\/wp-json\/wp\/v2\/pages\/12","targetHints":{"allow":["GET"]}}],"collection":[{"href":"https:\/\/www.hh3dlab.fi\/blog\/wp-json\/wp\/v2\/pages"}],"about":[{"href":"https:\/\/www.hh3dlab.fi\/blog\/wp-json\/wp\/v2\/types\/page"}],"author":[{"embeddable":true,"href":"https:\/\/www.hh3dlab.fi\/blog\/wp-json\/wp\/v2\/users\/1"}],"replies":[{"embeddable":true,"href":"https:\/\/www.hh3dlab.fi\/blog\/wp-json\/wp\/v2\/comments?post=12"}],"version-history":[{"count":6,"href":"https:\/\/www.hh3dlab.fi\/blog\/wp-json\/wp\/v2\/pages\/12\/revisions"}],"predecessor-version":[{"id":59,"href":"https:\/\/www.hh3dlab.fi\/blog\/wp-json\/wp\/v2\/pages\/12\/revisions\/59"}],"wp:attachment":[{"href":"https:\/\/www.hh3dlab.fi\/blog\/wp-json\/wp\/v2\/media?parent=12"}],"curies":[{"name":"wp","href":"https:\/\/api.w.org\/{rel}","templated":true}]}}