{"id":121,"date":"2022-03-17T16:09:05","date_gmt":"2022-03-17T14:09:05","guid":{"rendered":"http:\/\/www.hh3dlab.fi\/blog\/?page_id=121"},"modified":"2022-03-20T16:08:50","modified_gmt":"2022-03-20T14:08:50","slug":"welcome-2","status":"publish","type":"page","link":"https:\/\/www.hh3dlab.fi\/blog\/","title":{"rendered":"WELCOME!"},"content":{"rendered":"\n<p>Haaga-Helia 3D + Robo Lab is the 3D, Robotics and IoT research laboratory at Haaga-Helia University of Applied Sciences.<\/p>\n\n\n\n<p>3D is a topic that concerns all possible fields today. Virtual, augmented and mixed reality, 3D modeling, printing and scanning will all bring bew opportunities to businesses everywhere. It is very important to look into these subjects while studying so as to know the right questions later. More than a thousand students have taken our 3D Basic modeling course, which makes it the most popular free elective course in the University. We use the open source, versatile and powerful&nbsp;<a rel=\"noreferrer noopener\" href=\"http:\/\/www.blender.org\/\" target=\"_blank\">Blender<\/a>&nbsp;modeling software.<\/p>\n\n\n\n<div class=\"wp-block-image\"><figure class=\"aligncenter\"><img decoding=\"async\" src=\"https:\/\/i0.wp.com\/www.hh3dlab.fi\/blog\/wp-content\/uploads\/2022\/03\/IMG_20200328_161158_646.jpg?resize=700%2C700\" alt=\"\"\/><figcaption>ESP32 based network time clock with 0.96&#8243;OLED display<\/figcaption><\/figure><\/div>\n\n\n\n<p>3D printing brings the benefits of rapid prototyping to everyone. Our Lab is well furnished with multiple FDM printers which use many types of filaments, and we can produce prototypes fast. In addition to wire printing, we have a Formlabs Form 3 resin printer for detailed and intricate prints. For scanning large objects, our Artec EVA handheld scanner can produce amazing detail and textured models, while smaller objects can be scanned with our home made photogrammetry based HD webcam scanner. For work in virtual reality, we have five pairs of Oculus Quest 2 128GB glasses, and an Apple iPad Pro LIDAR 3D scanner for room sized scans.<\/p>\n\n\n\n<p>IoT (Internet of Things) is yet another subject that is turning from hype into everyday projects. Especially with the ever expanding 5G network, attaching remote devices to the Internet is easier than ever. Now we can measure dozens of different values in the environment and act on them remotely. Our 3D + Robo Lab is suitable for students to research and design IoT devices, build them, and print custom boxes for them. This gives them a great view into the opportunities that IoT provides.<\/p>\n\n\n\n<div class=\"wp-block-image\"><figure class=\"aligncenter\"><img decoding=\"async\" src=\"https:\/\/i0.wp.com\/www.hh3dlab.fi\/blog\/wp-content\/uploads\/2022\/03\/IMG_20180521_111202.jpg?resize=700%2C933\" alt=\"\"\/><figcaption>Students designing robots<\/figcaption><\/figure><\/div>\n\n\n\n<p>When we start in robotics, we use Arduinos, which are open source, cost only 2\u20ac each, and provide a stable and easy to understand platform for beginners. When the three basic concepts of robotics (sensing the environment, deciding how to act, and acting on the data) are understood, we move on to ESP32 or Raspberry PI, which are connectable to the Internet and allow for building true IoT devices. It is simply astonishing how wide the field of low cost sensors and actuators is, and how varied devices can be built using very basic sensing and actuating devices. We have amassed a veritable hoard of different sensors in order to be able to provide just the device you need.<\/p>\n\n\n\n<p>So, please get in touch with us and see what the Haaga-Helia 3D + Robo Lab can build for you!<\/p>\n\n\n\n<div class=\"wp-block-image\"><figure class=\"aligncenter size-full\"><img data-recalc-dims=\"1\" loading=\"lazy\" decoding=\"async\" width=\"470\" height=\"223\" src=\"https:\/\/i0.wp.com\/www.hh3dlab.fi\/blog\/wp-content\/uploads\/2022\/03\/image-1.png?resize=470%2C223&#038;ssl=1\" alt=\"\" class=\"wp-image-206\" srcset=\"https:\/\/i0.wp.com\/www.hh3dlab.fi\/blog\/wp-content\/uploads\/2022\/03\/image-1.png?w=470&amp;ssl=1 470w, https:\/\/i0.wp.com\/www.hh3dlab.fi\/blog\/wp-content\/uploads\/2022\/03\/image-1.png?resize=300%2C142&amp;ssl=1 300w\" sizes=\"auto, (max-width: 470px) 100vw, 470px\" \/><\/figure><\/div>\n\n\n\n<p><\/p>\n","protected":false},"excerpt":{"rendered":"<p>Haaga-Helia 3D + Robo Lab is the 3D, Robotics and IoT research laboratory at Haaga-Helia University of Applied Sciences. 3D is a topic that concerns all possible fields today. Virtual, augmented and mixed reality, 3D modeling, printing and scanning will all bring bew opportunities to businesses everywhere. It is very important to look into these [&hellip;]<\/p>\n","protected":false},"author":1,"featured_media":0,"parent":0,"menu_order":0,"comment_status":"closed","ping_status":"closed","template":"tmpl-front-page.php","meta":{"footnotes":""},"class_list":["post-121","page","type-page","status-publish","hentry"],"jetpack-related-posts":[{"id":80,"url":"https:\/\/www.hh3dlab.fi\/blog\/3d\/3d-modeling\/","url_meta":{"origin":121,"position":0},"title":"3D modeling","author":"Heikki Hietala, lab admin","date":"17.3.2022","format":false,"excerpt":"3D modeling is the creation of virtual models of real or imaginary objects, using only three items. Vertices, between which are edges, which when connected form faces. These faces can then be assigned materials, and textures, finally forming a complete object, usually called mesh. A box being designed in Blender\u2026","rel":"","context":"Similar post","block_context":{"text":"Similar post","link":""},"img":{"alt_text":"","src":"https:\/\/i0.wp.com\/www.hh3dlab.fi\/blog\/wp-content\/uploads\/2022\/03\/image.png?resize=350%2C200&ssl=1","width":350,"height":200,"srcset":"https:\/\/i0.wp.com\/www.hh3dlab.fi\/blog\/wp-content\/uploads\/2022\/03\/image.png?resize=350%2C200&ssl=1 1x, https:\/\/i0.wp.com\/www.hh3dlab.fi\/blog\/wp-content\/uploads\/2022\/03\/image.png?resize=525%2C300&ssl=1 1.5x, https:\/\/i0.wp.com\/www.hh3dlab.fi\/blog\/wp-content\/uploads\/2022\/03\/image.png?resize=700%2C400&ssl=1 2x, https:\/\/i0.wp.com\/www.hh3dlab.fi\/blog\/wp-content\/uploads\/2022\/03\/image.png?resize=1050%2C600&ssl=1 3x"},"classes":[]},{"id":92,"url":"https:\/\/www.hh3dlab.fi\/blog\/3d\/","url_meta":{"origin":121,"position":1},"title":"3D","author":"Heikki Hietala, lab admin","date":"17.3.2022","format":false,"excerpt":"3D is a technology that is penetrating more and more fields of business every day. CAD and other design aids are indispensable by now, but with the twenty year development of the open source 3D software, Blender, getting into 3D is no longer an investment. However, Blender being free does\u2026","rel":"","context":"Similar post","block_context":{"text":"Similar post","link":""},"img":{"alt_text":"","src":"https:\/\/i0.wp.com\/www.hh3dlab.fi\/blog\/wp-content\/uploads\/2022\/03\/full-scene2.jpg?resize=350%2C200&ssl=1","width":350,"height":200,"srcset":"https:\/\/i0.wp.com\/www.hh3dlab.fi\/blog\/wp-content\/uploads\/2022\/03\/full-scene2.jpg?resize=350%2C200&ssl=1 1x, https:\/\/i0.wp.com\/www.hh3dlab.fi\/blog\/wp-content\/uploads\/2022\/03\/full-scene2.jpg?resize=525%2C300&ssl=1 1.5x, https:\/\/i0.wp.com\/www.hh3dlab.fi\/blog\/wp-content\/uploads\/2022\/03\/full-scene2.jpg?resize=700%2C400&ssl=1 2x, https:\/\/i0.wp.com\/www.hh3dlab.fi\/blog\/wp-content\/uploads\/2022\/03\/full-scene2.jpg?resize=1050%2C600&ssl=1 3x, https:\/\/i0.wp.com\/www.hh3dlab.fi\/blog\/wp-content\/uploads\/2022\/03\/full-scene2.jpg?resize=1400%2C800&ssl=1 4x"},"classes":[]},{"id":83,"url":"https:\/\/www.hh3dlab.fi\/blog\/3d\/3d-scanning\/","url_meta":{"origin":121,"position":2},"title":"3D scanning","author":"Heikki Hietala, lab admin","date":"17.3.2022","format":false,"excerpt":"To scan a 3D object, many methods are available. There are machines that physically touch the object from all sides and then calculates the shape of the object, but these are very expensive and space-consuming, if very accurate. Non-contact methods include laser triangulation 3D scanning technology.structured light 3D scanning technology.photogrammetry.laser\u2026","rel":"","context":"Similar post","block_context":{"text":"Similar post","link":""},"img":{"alt_text":"","src":"https:\/\/i0.wp.com\/www.hh3dlab.fi\/blog\/wp-content\/uploads\/2022\/03\/IMG_20200505_092004-edited.jpg?resize=350%2C200&ssl=1","width":350,"height":200,"srcset":"https:\/\/i0.wp.com\/www.hh3dlab.fi\/blog\/wp-content\/uploads\/2022\/03\/IMG_20200505_092004-edited.jpg?resize=350%2C200&ssl=1 1x, https:\/\/i0.wp.com\/www.hh3dlab.fi\/blog\/wp-content\/uploads\/2022\/03\/IMG_20200505_092004-edited.jpg?resize=525%2C300&ssl=1 1.5x, https:\/\/i0.wp.com\/www.hh3dlab.fi\/blog\/wp-content\/uploads\/2022\/03\/IMG_20200505_092004-edited.jpg?resize=700%2C400&ssl=1 2x, https:\/\/i0.wp.com\/www.hh3dlab.fi\/blog\/wp-content\/uploads\/2022\/03\/IMG_20200505_092004-edited.jpg?resize=1050%2C600&ssl=1 3x, https:\/\/i0.wp.com\/www.hh3dlab.fi\/blog\/wp-content\/uploads\/2022\/03\/IMG_20200505_092004-edited.jpg?resize=1400%2C800&ssl=1 4x"},"classes":[]},{"id":12,"url":"https:\/\/www.hh3dlab.fi\/blog\/tervetuloa-haaga-helian-3d-robo-labiin\/","url_meta":{"origin":121,"position":3},"title":"TERVETULOA!","author":"Heikki Hietala, lab admin","date":"13.3.2022","format":false,"excerpt":"Haaga-Helia 3D + Robo Lab on ammattikorkeakoulumme 3D-, robotiikka- ja IoT-tutkimuslaboratorio. 3D on t\u00e4ll\u00e4 hetkell\u00e4 aihe, jonka voi katsoa kiinnostavan kaikkia mahdollisia toimialoja. Virtuaalitodellisuus, lis\u00e4tty todellisuus, mallinnus ja 3D-tulostus tuovat uusia liiketoimintamahdollisuuksia, ja niihin tutustuminen opintojen aikana on hyvin t\u00e4rke\u00e4\u00e4, jotta osaa kysy\u00e4 oikeita kysymyksi\u00e4 my\u00f6hemmin. 3D-mallinnuskurssimme on k\u00e4ynyt jo\u2026","rel":"","context":"Similar post","block_context":{"text":"Similar post","link":""},"img":{"alt_text":"","src":"https:\/\/i0.wp.com\/www.hh3dlab.fi\/blog\/wp-content\/uploads\/2022\/03\/be7db042-6b61-49f9-9bcd-7fd41b7bc35d-w_960_h_960-1.jpg?resize=350%2C200&ssl=1","width":350,"height":200,"srcset":"https:\/\/i0.wp.com\/www.hh3dlab.fi\/blog\/wp-content\/uploads\/2022\/03\/be7db042-6b61-49f9-9bcd-7fd41b7bc35d-w_960_h_960-1.jpg?resize=350%2C200&ssl=1 1x, https:\/\/i0.wp.com\/www.hh3dlab.fi\/blog\/wp-content\/uploads\/2022\/03\/be7db042-6b61-49f9-9bcd-7fd41b7bc35d-w_960_h_960-1.jpg?resize=525%2C300&ssl=1 1.5x"},"classes":[]},{"id":86,"url":"https:\/\/www.hh3dlab.fi\/blog\/3d\/3d-printing\/","url_meta":{"origin":121,"position":4},"title":"3D printing","author":"Heikki Hietala, lab admin","date":"17.3.2022","format":false,"excerpt":"There are many technologies in 3D printing, and this article on All3DP discuss them in detail. At our Laboratory, we have two different printing techniques available to us, and they have different purposes. Most prints are made with fused deposition modeling or FDM, with filaments of various types. These filaments\u2026","rel":"","context":"Similar post","block_context":{"text":"Similar post","link":""},"img":{"alt_text":"","src":"https:\/\/i0.wp.com\/www.hh3dlab.fi\/blog\/wp-content\/uploads\/2022\/03\/image-2.png?resize=350%2C200&ssl=1","width":350,"height":200,"srcset":"https:\/\/i0.wp.com\/www.hh3dlab.fi\/blog\/wp-content\/uploads\/2022\/03\/image-2.png?resize=350%2C200&ssl=1 1x, https:\/\/i0.wp.com\/www.hh3dlab.fi\/blog\/wp-content\/uploads\/2022\/03\/image-2.png?resize=525%2C300&ssl=1 1.5x, https:\/\/i0.wp.com\/www.hh3dlab.fi\/blog\/wp-content\/uploads\/2022\/03\/image-2.png?resize=700%2C400&ssl=1 2x, https:\/\/i0.wp.com\/www.hh3dlab.fi\/blog\/wp-content\/uploads\/2022\/03\/image-2.png?resize=1050%2C600&ssl=1 3x"},"classes":[]},{"id":74,"url":"https:\/\/www.hh3dlab.fi\/blog\/iot\/","url_meta":{"origin":121,"position":5},"title":"IoT","author":"Heikki Hietala, lab admin","date":"17.3.2022","format":false,"excerpt":"IoT, or Internet of Things, is one of the most hyped technologies of today. It's basically very simple - just a device that has access to the Internet and can either write to it, read from it, or both. The biggest point is that IoT devices are not real computers\u2026","rel":"","context":"Similar post","block_context":{"text":"Similar post","link":""},"img":{"alt_text":"","src":"https:\/\/i0.wp.com\/www.hh3dlab.fi\/blog\/wp-content\/uploads\/2022\/05\/image.png?resize=350%2C200&ssl=1","width":350,"height":200,"srcset":"https:\/\/i0.wp.com\/www.hh3dlab.fi\/blog\/wp-content\/uploads\/2022\/05\/image.png?resize=350%2C200&ssl=1 1x, https:\/\/i0.wp.com\/www.hh3dlab.fi\/blog\/wp-content\/uploads\/2022\/05\/image.png?resize=525%2C300&ssl=1 1.5x"},"classes":[]}],"jetpack_sharing_enabled":true,"_links":{"self":[{"href":"https:\/\/www.hh3dlab.fi\/blog\/wp-json\/wp\/v2\/pages\/121","targetHints":{"allow":["GET"]}}],"collection":[{"href":"https:\/\/www.hh3dlab.fi\/blog\/wp-json\/wp\/v2\/pages"}],"about":[{"href":"https:\/\/www.hh3dlab.fi\/blog\/wp-json\/wp\/v2\/types\/page"}],"author":[{"embeddable":true,"href":"https:\/\/www.hh3dlab.fi\/blog\/wp-json\/wp\/v2\/users\/1"}],"replies":[{"embeddable":true,"href":"https:\/\/www.hh3dlab.fi\/blog\/wp-json\/wp\/v2\/comments?post=121"}],"version-history":[{"count":3,"href":"https:\/\/www.hh3dlab.fi\/blog\/wp-json\/wp\/v2\/pages\/121\/revisions"}],"predecessor-version":[{"id":207,"href":"https:\/\/www.hh3dlab.fi\/blog\/wp-json\/wp\/v2\/pages\/121\/revisions\/207"}],"wp:attachment":[{"href":"https:\/\/www.hh3dlab.fi\/blog\/wp-json\/wp\/v2\/media?parent=121"}],"curies":[{"name":"wp","href":"https:\/\/api.w.org\/{rel}","templated":true}]}}