{"id":80,"date":"2022-03-17T08:05:47","date_gmt":"2022-03-17T06:05:47","guid":{"rendered":"http:\/\/www.hh3dlab.fi\/blog\/?page_id=80"},"modified":"2022-03-17T18:05:22","modified_gmt":"2022-03-17T16:05:22","slug":"3d-modeling","status":"publish","type":"page","link":"https:\/\/www.hh3dlab.fi\/blog\/3d\/3d-modeling\/","title":{"rendered":"3D modeling"},"content":{"rendered":"\n<p>3D modeling is the creation of virtual models of real or imaginary objects, using only three items. Vertices, between which are edges, which when connected form faces. These faces can then be assigned materials, and textures, finally forming a complete object, usually called mesh.<\/p>\n\n\n\n<figure class=\"wp-block-image size-large\"><img data-recalc-dims=\"1\" loading=\"lazy\" decoding=\"async\" width=\"640\" height=\"474\" src=\"https:\/\/i0.wp.com\/www.hh3dlab.fi\/blog\/wp-content\/uploads\/2022\/03\/image.png?resize=640%2C474&#038;ssl=1\" alt=\"\" class=\"wp-image-133\" srcset=\"https:\/\/i0.wp.com\/www.hh3dlab.fi\/blog\/wp-content\/uploads\/2022\/03\/image.png?resize=1024%2C758&amp;ssl=1 1024w, https:\/\/i0.wp.com\/www.hh3dlab.fi\/blog\/wp-content\/uploads\/2022\/03\/image.png?resize=300%2C222&amp;ssl=1 300w, https:\/\/i0.wp.com\/www.hh3dlab.fi\/blog\/wp-content\/uploads\/2022\/03\/image.png?resize=768%2C569&amp;ssl=1 768w, https:\/\/i0.wp.com\/www.hh3dlab.fi\/blog\/wp-content\/uploads\/2022\/03\/image.png?w=1071&amp;ssl=1 1071w\" sizes=\"auto, (max-width: 640px) 100vw, 640px\" \/><figcaption>A box being designed in Blender for printing<\/figcaption><\/figure>\n\n\n\n<p>Blender may seem daunting at first, but when one takes it slow and learns the basic things properly, the vistas of possible designs widens every day, and it will be one day possible to create lifelike views of anything that can be envisioned.<\/p>\n\n\n\n<figure class=\"wp-block-image size-large\"><img data-recalc-dims=\"1\" loading=\"lazy\" decoding=\"async\" width=\"640\" height=\"360\" src=\"https:\/\/i0.wp.com\/www.hh3dlab.fi\/blog\/wp-content\/uploads\/2022\/03\/production-spit-COMPLETE-1.jpg?resize=640%2C360&#038;ssl=1\" alt=\"\" class=\"wp-image-134\" srcset=\"https:\/\/i0.wp.com\/www.hh3dlab.fi\/blog\/wp-content\/uploads\/2022\/03\/production-spit-COMPLETE-1.jpg?resize=1024%2C576&amp;ssl=1 1024w, https:\/\/i0.wp.com\/www.hh3dlab.fi\/blog\/wp-content\/uploads\/2022\/03\/production-spit-COMPLETE-1.jpg?resize=300%2C169&amp;ssl=1 300w, https:\/\/i0.wp.com\/www.hh3dlab.fi\/blog\/wp-content\/uploads\/2022\/03\/production-spit-COMPLETE-1.jpg?resize=768%2C432&amp;ssl=1 768w, https:\/\/i0.wp.com\/www.hh3dlab.fi\/blog\/wp-content\/uploads\/2022\/03\/production-spit-COMPLETE-1.jpg?resize=1536%2C864&amp;ssl=1 1536w, https:\/\/i0.wp.com\/www.hh3dlab.fi\/blog\/wp-content\/uploads\/2022\/03\/production-spit-COMPLETE-1.jpg?w=1920&amp;ssl=1 1920w, https:\/\/i0.wp.com\/www.hh3dlab.fi\/blog\/wp-content\/uploads\/2022\/03\/production-spit-COMPLETE-1.jpg?w=1280&amp;ssl=1 1280w\" sizes=\"auto, (max-width: 640px) 100vw, 640px\" \/><figcaption>Spitfire XIV in a revetment. <\/figcaption><\/figure>\n\n\n\n<p>At Haaga-Helia, the basic course gives students all the skills needed to create a virtual room with at least eight items of furniture in it. This seems to be a good final task, since some of the submitted rooms are actually studies in architecture. More than 1,000 students have taken the basic course. Their reasons for taking the course vary from wanting to understand basic modeling to designing trade fairs, but nevertheless, the most important thing is to learn enough to figure out if 3D is the thing for you.<\/p>\n\n\n\n<figure class=\"wp-block-image size-large\"><img data-recalc-dims=\"1\" loading=\"lazy\" decoding=\"async\" width=\"640\" height=\"360\" src=\"https:\/\/i0.wp.com\/www.hh3dlab.fi\/blog\/wp-content\/uploads\/2022\/03\/0012.jpg?resize=640%2C360&#038;ssl=1\" alt=\"\" class=\"wp-image-135\" srcset=\"https:\/\/i0.wp.com\/www.hh3dlab.fi\/blog\/wp-content\/uploads\/2022\/03\/0012.jpg?resize=1024%2C576&amp;ssl=1 1024w, https:\/\/i0.wp.com\/www.hh3dlab.fi\/blog\/wp-content\/uploads\/2022\/03\/0012.jpg?resize=300%2C169&amp;ssl=1 300w, https:\/\/i0.wp.com\/www.hh3dlab.fi\/blog\/wp-content\/uploads\/2022\/03\/0012.jpg?resize=768%2C432&amp;ssl=1 768w, https:\/\/i0.wp.com\/www.hh3dlab.fi\/blog\/wp-content\/uploads\/2022\/03\/0012.jpg?resize=1536%2C864&amp;ssl=1 1536w, https:\/\/i0.wp.com\/www.hh3dlab.fi\/blog\/wp-content\/uploads\/2022\/03\/0012.jpg?w=1920&amp;ssl=1 1920w, https:\/\/i0.wp.com\/www.hh3dlab.fi\/blog\/wp-content\/uploads\/2022\/03\/0012.jpg?w=1280&amp;ssl=1 1280w\" sizes=\"auto, (max-width: 640px) 100vw, 640px\" \/><figcaption>Kitchen scene<\/figcaption><\/figure>\n\n\n\n<p>We can also design for virtual environments such as the <a rel=\"noreferrer noopener\" href=\"https:\/\/hubs.mozilla.com\/spoke\" target=\"_blank\">Mozilla Spoke.<\/a> Let&#8217;s get in touch and see how our students could help you in your 3D modeling needs. <\/p>\n","protected":false},"excerpt":{"rendered":"<p>3D modeling is the creation of virtual models of real or imaginary objects, using only three items. Vertices, between which are edges, which when connected form faces. These faces can then be assigned materials, and textures, finally forming a complete object, usually called mesh. Blender may seem daunting at first, but when one takes it [&hellip;]<\/p>\n","protected":false},"author":1,"featured_media":0,"parent":92,"menu_order":0,"comment_status":"closed","ping_status":"closed","template":"","meta":{"footnotes":""},"class_list":["post-80","page","type-page","status-publish","hentry"],"jetpack-related-posts":[{"id":92,"url":"https:\/\/www.hh3dlab.fi\/blog\/3d\/","url_meta":{"origin":80,"position":0},"title":"3D","author":"Heikki Hietala, lab admin","date":"17.3.2022","format":false,"excerpt":"3D is a technology that is penetrating more and more fields of business every day. CAD and other design aids are indispensable by now, but with the twenty year development of the open source 3D software, Blender, getting into 3D is no longer an investment. However, Blender being free does\u2026","rel":"","context":"Similar post","block_context":{"text":"Similar post","link":""},"img":{"alt_text":"","src":"https:\/\/i0.wp.com\/www.hh3dlab.fi\/blog\/wp-content\/uploads\/2022\/03\/full-scene2.jpg?resize=350%2C200&ssl=1","width":350,"height":200,"srcset":"https:\/\/i0.wp.com\/www.hh3dlab.fi\/blog\/wp-content\/uploads\/2022\/03\/full-scene2.jpg?resize=350%2C200&ssl=1 1x, https:\/\/i0.wp.com\/www.hh3dlab.fi\/blog\/wp-content\/uploads\/2022\/03\/full-scene2.jpg?resize=525%2C300&ssl=1 1.5x, https:\/\/i0.wp.com\/www.hh3dlab.fi\/blog\/wp-content\/uploads\/2022\/03\/full-scene2.jpg?resize=700%2C400&ssl=1 2x, https:\/\/i0.wp.com\/www.hh3dlab.fi\/blog\/wp-content\/uploads\/2022\/03\/full-scene2.jpg?resize=1050%2C600&ssl=1 3x, https:\/\/i0.wp.com\/www.hh3dlab.fi\/blog\/wp-content\/uploads\/2022\/03\/full-scene2.jpg?resize=1400%2C800&ssl=1 4x"},"classes":[]},{"id":121,"url":"https:\/\/www.hh3dlab.fi\/blog\/","url_meta":{"origin":80,"position":1},"title":"WELCOME!","author":"Heikki Hietala, lab admin","date":"17.3.2022","format":false,"excerpt":"Haaga-Helia 3D + Robo Lab is the 3D, Robotics and IoT research laboratory at Haaga-Helia University of Applied Sciences. 3D is a topic that concerns all possible fields today. Virtual, augmented and mixed reality, 3D modeling, printing and scanning will all bring bew opportunities to businesses everywhere. It is very\u2026","rel":"","context":"Similar post","block_context":{"text":"Similar post","link":""},"img":{"alt_text":"","src":"https:\/\/i0.wp.com\/www.hh3dlab.fi\/blog\/wp-content\/uploads\/2022\/03\/image-1.png?resize=350%2C200&ssl=1","width":350,"height":200},"classes":[]},{"id":86,"url":"https:\/\/www.hh3dlab.fi\/blog\/3d\/3d-printing\/","url_meta":{"origin":80,"position":2},"title":"3D printing","author":"Heikki Hietala, lab admin","date":"17.3.2022","format":false,"excerpt":"There are many technologies in 3D printing, and this article on All3DP discuss them in detail. At our Laboratory, we have two different printing techniques available to us, and they have different purposes. Most prints are made with fused deposition modeling or FDM, with filaments of various types. These filaments\u2026","rel":"","context":"Similar post","block_context":{"text":"Similar post","link":""},"img":{"alt_text":"","src":"https:\/\/i0.wp.com\/www.hh3dlab.fi\/blog\/wp-content\/uploads\/2022\/03\/image-2.png?resize=350%2C200&ssl=1","width":350,"height":200,"srcset":"https:\/\/i0.wp.com\/www.hh3dlab.fi\/blog\/wp-content\/uploads\/2022\/03\/image-2.png?resize=350%2C200&ssl=1 1x, https:\/\/i0.wp.com\/www.hh3dlab.fi\/blog\/wp-content\/uploads\/2022\/03\/image-2.png?resize=525%2C300&ssl=1 1.5x, https:\/\/i0.wp.com\/www.hh3dlab.fi\/blog\/wp-content\/uploads\/2022\/03\/image-2.png?resize=700%2C400&ssl=1 2x, https:\/\/i0.wp.com\/www.hh3dlab.fi\/blog\/wp-content\/uploads\/2022\/03\/image-2.png?resize=1050%2C600&ssl=1 3x"},"classes":[]},{"id":12,"url":"https:\/\/www.hh3dlab.fi\/blog\/tervetuloa-haaga-helian-3d-robo-labiin\/","url_meta":{"origin":80,"position":3},"title":"TERVETULOA!","author":"Heikki Hietala, lab admin","date":"13.3.2022","format":false,"excerpt":"Haaga-Helia 3D + Robo Lab on ammattikorkeakoulumme 3D-, robotiikka- ja IoT-tutkimuslaboratorio. 3D on t\u00e4ll\u00e4 hetkell\u00e4 aihe, jonka voi katsoa kiinnostavan kaikkia mahdollisia toimialoja. Virtuaalitodellisuus, lis\u00e4tty todellisuus, mallinnus ja 3D-tulostus tuovat uusia liiketoimintamahdollisuuksia, ja niihin tutustuminen opintojen aikana on hyvin t\u00e4rke\u00e4\u00e4, jotta osaa kysy\u00e4 oikeita kysymyksi\u00e4 my\u00f6hemmin. 3D-mallinnuskurssimme on k\u00e4ynyt jo\u2026","rel":"","context":"Similar post","block_context":{"text":"Similar post","link":""},"img":{"alt_text":"","src":"https:\/\/i0.wp.com\/www.hh3dlab.fi\/blog\/wp-content\/uploads\/2022\/03\/be7db042-6b61-49f9-9bcd-7fd41b7bc35d-w_960_h_960-1.jpg?resize=350%2C200&ssl=1","width":350,"height":200,"srcset":"https:\/\/i0.wp.com\/www.hh3dlab.fi\/blog\/wp-content\/uploads\/2022\/03\/be7db042-6b61-49f9-9bcd-7fd41b7bc35d-w_960_h_960-1.jpg?resize=350%2C200&ssl=1 1x, https:\/\/i0.wp.com\/www.hh3dlab.fi\/blog\/wp-content\/uploads\/2022\/03\/be7db042-6b61-49f9-9bcd-7fd41b7bc35d-w_960_h_960-1.jpg?resize=525%2C300&ssl=1 1.5x"},"classes":[]},{"id":83,"url":"https:\/\/www.hh3dlab.fi\/blog\/3d\/3d-scanning\/","url_meta":{"origin":80,"position":4},"title":"3D scanning","author":"Heikki Hietala, lab admin","date":"17.3.2022","format":false,"excerpt":"To scan a 3D object, many methods are available. There are machines that physically touch the object from all sides and then calculates the shape of the object, but these are very expensive and space-consuming, if very accurate. Non-contact methods include laser triangulation 3D scanning technology.structured light 3D scanning technology.photogrammetry.laser\u2026","rel":"","context":"Similar post","block_context":{"text":"Similar post","link":""},"img":{"alt_text":"","src":"https:\/\/i0.wp.com\/www.hh3dlab.fi\/blog\/wp-content\/uploads\/2022\/03\/IMG_20200505_092004-edited.jpg?resize=350%2C200&ssl=1","width":350,"height":200,"srcset":"https:\/\/i0.wp.com\/www.hh3dlab.fi\/blog\/wp-content\/uploads\/2022\/03\/IMG_20200505_092004-edited.jpg?resize=350%2C200&ssl=1 1x, https:\/\/i0.wp.com\/www.hh3dlab.fi\/blog\/wp-content\/uploads\/2022\/03\/IMG_20200505_092004-edited.jpg?resize=525%2C300&ssl=1 1.5x, https:\/\/i0.wp.com\/www.hh3dlab.fi\/blog\/wp-content\/uploads\/2022\/03\/IMG_20200505_092004-edited.jpg?resize=700%2C400&ssl=1 2x, https:\/\/i0.wp.com\/www.hh3dlab.fi\/blog\/wp-content\/uploads\/2022\/03\/IMG_20200505_092004-edited.jpg?resize=1050%2C600&ssl=1 3x, https:\/\/i0.wp.com\/www.hh3dlab.fi\/blog\/wp-content\/uploads\/2022\/03\/IMG_20200505_092004-edited.jpg?resize=1400%2C800&ssl=1 4x"},"classes":[]},{"id":74,"url":"https:\/\/www.hh3dlab.fi\/blog\/iot\/","url_meta":{"origin":80,"position":5},"title":"IoT","author":"Heikki Hietala, lab admin","date":"17.3.2022","format":false,"excerpt":"IoT, or Internet of Things, is one of the most hyped technologies of today. It's basically very simple - just a device that has access to the Internet and can either write to it, read from it, or both. The biggest point is that IoT devices are not real computers\u2026","rel":"","context":"Similar post","block_context":{"text":"Similar post","link":""},"img":{"alt_text":"","src":"https:\/\/i0.wp.com\/www.hh3dlab.fi\/blog\/wp-content\/uploads\/2022\/05\/image.png?resize=350%2C200&ssl=1","width":350,"height":200,"srcset":"https:\/\/i0.wp.com\/www.hh3dlab.fi\/blog\/wp-content\/uploads\/2022\/05\/image.png?resize=350%2C200&ssl=1 1x, https:\/\/i0.wp.com\/www.hh3dlab.fi\/blog\/wp-content\/uploads\/2022\/05\/image.png?resize=525%2C300&ssl=1 1.5x"},"classes":[]}],"jetpack_sharing_enabled":true,"_links":{"self":[{"href":"https:\/\/www.hh3dlab.fi\/blog\/wp-json\/wp\/v2\/pages\/80","targetHints":{"allow":["GET"]}}],"collection":[{"href":"https:\/\/www.hh3dlab.fi\/blog\/wp-json\/wp\/v2\/pages"}],"about":[{"href":"https:\/\/www.hh3dlab.fi\/blog\/wp-json\/wp\/v2\/types\/page"}],"author":[{"embeddable":true,"href":"https:\/\/www.hh3dlab.fi\/blog\/wp-json\/wp\/v2\/users\/1"}],"replies":[{"embeddable":true,"href":"https:\/\/www.hh3dlab.fi\/blog\/wp-json\/wp\/v2\/comments?post=80"}],"version-history":[{"count":4,"href":"https:\/\/www.hh3dlab.fi\/blog\/wp-json\/wp\/v2\/pages\/80\/revisions"}],"predecessor-version":[{"id":137,"href":"https:\/\/www.hh3dlab.fi\/blog\/wp-json\/wp\/v2\/pages\/80\/revisions\/137"}],"up":[{"embeddable":true,"href":"https:\/\/www.hh3dlab.fi\/blog\/wp-json\/wp\/v2\/pages\/92"}],"wp:attachment":[{"href":"https:\/\/www.hh3dlab.fi\/blog\/wp-json\/wp\/v2\/media?parent=80"}],"curies":[{"name":"wp","href":"https:\/\/api.w.org\/{rel}","templated":true}]}}